{"id":799,"date":"2021-11-29T15:53:28","date_gmt":"2021-11-29T15:53:28","guid":{"rendered":"https:\/\/biodata.cl\/laboral\/?page_id=799"},"modified":"2022-07-26T12:23:56","modified_gmt":"2022-07-26T12:23:56","slug":"evaluaciones-psicosenso-metricas","status":"publish","type":"page","link":"https:\/\/www.biodata.cl\/laboral\/evaluaciones-psicosenso-metricas\/","title":{"rendered":"Evaluaciones Psicosenso-m\u00e9tricas"},"content":{"rendered":"<p>[vc_row css=\u00bb.vc_custom_1638192483431{background-image: url(https:\/\/biodata.cl\/laboral\/wp-content\/uploads\/2021\/11\/overl1_950x500-min.png?id=736) !important;background-position: 0 0 !important;background-repeat: no-repeat !important;}\u00bb][vc_column width=\u00bb1\/6&#8243;][\/vc_column][vc_column width=\u00bb1\/3&#8243;]<div class=\"porto-u-heading  wpb_custom_95aa9a11c17ad45cfabaf210d84ee7cc\" data-hspacer=\"no_spacer\" data-halign=\"left\" style=\"text-align:left\" data-appear-animation=\"bounce\"><div class=\"porto-u-main-heading\"><h2   style=\"color:#297d89;\">Evaluaciones Psicosenso-m\u00e9tricas<\/h2><\/div><\/div>[vc_column_text]La conducci\u00f3n de veh\u00edculos livianos o pesados necesitan de trabajadores que tengan las habilidades y capacidades necesarias para un desempe\u00f1o \u00f3ptimo y seguro, tanto para ellos, como sus colegas y el p\u00fablico en general. Las Evaluaciones Psicosenso-t\u00e9cnicas eval\u00faan competencias y atributos cr\u00edticos para los conductores de veh\u00edculos livianos, pesados o de transporte de pasajeros.<\/p>\n<p>Nuestro servicio incluye pruebas escritas, uso de gabinetes senso-t\u00e9cnicos con tecnolog\u00eda Biartic, y una entrevista individual basada en un estudio previo de personalidad, evaluaci\u00f3n que es realizada por un Psic\u00f3logo altamente capacitado.<\/p>\n<p>Las pruebas son realizadas seg\u00fan normativa exigida en Decreto Supremo N\u00b0132 del Ministerio de Miner\u00eda y en Decreto Supremo N\u00b0170 del Ministerio de transportes y Telecomunicaciones; Subsecretaria de Transportes.<\/p>\n<p><strong>El tiempo de entrega de los informes de resultados es de 24 horas.<\/strong>[\/vc_column_text]<div class=\"porto-u-heading  wpb_custom_95aa9a11c17ad45cfabaf210d84ee7cc\" data-hspacer=\"no_spacer\" data-halign=\"left\" style=\"text-align:left\" data-appear-animation=\"bounce\"><div class=\"porto-u-main-heading\"><h2   style=\"color:#297d89;\">Estas evaluaciones est\u00e1n dirigidas principalmente a:<\/h2><\/div><\/div>[vc_column_text]<\/p>\n<ul>\n<li>Operadores de Maquinaria Pesada.<\/li>\n<li>Operadores de Maquinaria Fija.<\/li>\n<li>Conductor de veh\u00edculo liviano.<\/li>\n<li>Conductor de gr\u00faas y camiones.<\/li>\n<li>Conductores de ferrocarriles y Trenes Subterr\u00e1neos.<\/li>\n<li>Operadores de carga peligrosa.<\/li>\n<li>Conductores de veh\u00edculos de emergencia.<\/li>\n<li>Conductores que transportan pasajeros.<\/li>\n<li>Conductores que realizan labores de escolta para camiones sobredimensionados.<\/li>\n<\/ul>\n<p>[\/vc_column_text][\/vc_column][vc_column width=\u00bb1\/3&#8243;][vc_single_image image=\u00bb802&#8243; img_size=\u00bbfull\u00bb style=\u00bbvc_box_shadow_border_circle_2&#8243;]<div class=\"ult-spacer spacer-69e8e91b120ee\" data-id=\"69e8e91b120ee\" data-height=\"75\" data-height-mobile=\"75\" data-height-tab=\"75\" data-height-tab-portrait=\"\" data-height-mobile-landscape=\"\" style=\"clear:both;display:block;\"><\/div>[vc_single_image image=\u00bb803&#8243; img_size=\u00bbfull\u00bb style=\u00bbvc_box_shadow_border_circle_2&#8243;]<div class=\"ult-spacer spacer-69e8e91b120f5\" data-id=\"69e8e91b120f5\" data-height=\"75\" data-height-mobile=\"75\" data-height-tab=\"75\" data-height-tab-portrait=\"\" data-height-mobile-landscape=\"\" style=\"clear:both;display:block;\"><\/div>[vc_single_image image=\u00bb804&#8243; img_size=\u00bbfull\u00bb style=\u00bbvc_box_shadow_border_circle_2&#8243;][\/vc_column][vc_column width=\u00bb1\/6&#8243;][\/vc_column][\/vc_row]<\/p>\n","protected":false},"excerpt":{"rendered":"<p>[vc_row css=\u00bb.vc_custom_1638192483431{background-image: url(https:\/\/biodata.cl\/laboral\/wp-content\/uploads\/2021\/11\/overl1_950x500-min.png?id=736) !important;background-position: 0 0 !important;background-repeat: no-repeat !important;}\u00bb][vc_column width=\u00bb1\/6&#8243;][\/vc_column][vc_column width=\u00bb1\/3&#8243;][vc_column_text]La conducci\u00f3n de veh\u00edculos livianos o pesados necesitan de trabajadores que tengan las habilidades y capacidades necesarias para un desempe\u00f1o \u00f3ptimo y seguro, tanto para ellos, como sus colegas y el p\u00fablico en general. Las Evaluaciones Psicosenso-t\u00e9cnicas eval\u00faan competencias y atributos cr\u00edticos para los conductores [&hellip;]<\/p>\n","protected":false},"author":1,"featured_media":0,"parent":0,"menu_order":0,"comment_status":"closed","ping_status":"closed","template":"","meta":{"footnotes":""},"class_list":["post-799","page","type-page","status-publish","hentry"],"_links":{"self":[{"href":"https:\/\/www.biodata.cl\/laboral\/wp-json\/wp\/v2\/pages\/799","targetHints":{"allow":["GET"]}}],"collection":[{"href":"https:\/\/www.biodata.cl\/laboral\/wp-json\/wp\/v2\/pages"}],"about":[{"href":"https:\/\/www.biodata.cl\/laboral\/wp-json\/wp\/v2\/types\/page"}],"author":[{"embeddable":true,"href":"https:\/\/www.biodata.cl\/laboral\/wp-json\/wp\/v2\/users\/1"}],"replies":[{"embeddable":true,"href":"https:\/\/www.biodata.cl\/laboral\/wp-json\/wp\/v2\/comments?post=799"}],"version-history":[{"count":3,"href":"https:\/\/www.biodata.cl\/laboral\/wp-json\/wp\/v2\/pages\/799\/revisions"}],"predecessor-version":[{"id":873,"href":"https:\/\/www.biodata.cl\/laboral\/wp-json\/wp\/v2\/pages\/799\/revisions\/873"}],"wp:attachment":[{"href":"https:\/\/www.biodata.cl\/laboral\/wp-json\/wp\/v2\/media?parent=799"}],"curies":[{"name":"wp","href":"https:\/\/api.w.org\/{rel}","templated":true}]}}