{"id":792,"date":"2021-11-29T15:48:03","date_gmt":"2021-11-29T15:48:03","guid":{"rendered":"https:\/\/biodata.cl\/laboral\/?page_id=792"},"modified":"2021-12-22T21:03:31","modified_gmt":"2021-12-22T21:03:31","slug":"evaluacion-para-manipulador-de-alimentos","status":"publish","type":"page","link":"https:\/\/www.biodata.cl\/laboral\/evaluacion-para-manipulador-de-alimentos\/","title":{"rendered":"Evaluaci\u00f3n para Manipulador de alimentos"},"content":{"rendered":"<p>[vc_row css=\u00bb.vc_custom_1638200958105{background-image: url(https:\/\/biodata.cl\/laboral\/wp-content\/uploads\/2017\/03\/5e865e09d8efa3306c76b60a_BG-Shape.png?id=779) !important;background-position: 0 0 !important;background-repeat: no-repeat !important;}\u00bb][vc_column width=\u00bb1\/6&#8243;][\/vc_column][vc_column width=\u00bb1\/3&#8243;]<div class=\"porto-u-heading  wpb_custom_95aa9a11c17ad45cfabaf210d84ee7cc\" data-hspacer=\"no_spacer\" data-halign=\"left\" style=\"text-align:left\" data-appear-animation=\"bounce\"><div class=\"porto-u-main-heading\"><h2   style=\"color:#297d89;\">Evaluaci\u00f3n para Manipulador de alimentos<\/h2><\/div><\/div>[vc_column_text]Un manipulador de alimentos\u00a0es toda persona que, por su actividad laboral, tiene contacto directo con los alimentos durante cualquiera de sus fases hasta que llega al consumidor final. Esto incluye las etapas siguientes: preparaci\u00f3n, fabricaci\u00f3n, transformaci\u00f3n, envasado, almacenamiento, transporte, distribuci\u00f3n, venta, suministro y servicio.<\/p>\n<p>La mayor\u00eda de las veces el manipulador de alimentos es el vector en la transmisi\u00f3n de varias enfermedades gastrointestinales.<\/p>\n<p>Las zonas donde se encuentran con mayor frecuencia estos microorganismos son la nariz, las manos, las u\u00f1as, entre otros. Por esta raz\u00f3n, contamos con una amplia gama de ex\u00e1menes para la pesquisa de estos microorganismos, como:<\/p>\n<p>&nbsp;<\/p>\n<ul>\n<li>Test de Graham<\/li>\n<li>Coproparasitol\u00f3gico seriado<\/li>\n<li>Coprocultivo<\/li>\n<li>Cultivo corriente nasal<\/li>\n<li>Cultivo corriente ungueal<\/li>\n<li>Cultivo far\u00edngeo<\/li>\n<\/ul>\n<p><strong>Los resultados de los ex\u00e1menes, estar\u00e1n disponibles 3 d\u00edas h\u00e1biles, de entregada la muestra. <\/strong>[\/vc_column_text][\/vc_column][vc_column width=\u00bb1\/3&#8243;][vc_single_image image=\u00bb793&#8243; img_size=\u00bbfull\u00bb style=\u00bbvc_box_shadow_border_circle_2&#8243;][vc_empty_space height=\u00bb75px\u00bb][vc_single_image image=\u00bb794&#8243; img_size=\u00bbfull\u00bb style=\u00bbvc_box_shadow_border_circle_2&#8243;][\/vc_column][vc_column width=\u00bb1\/6&#8243;][\/vc_column][\/vc_row]<\/p>\n","protected":false},"excerpt":{"rendered":"<p>[vc_row css=\u00bb.vc_custom_1638200958105{background-image: url(https:\/\/biodata.cl\/laboral\/wp-content\/uploads\/2017\/03\/5e865e09d8efa3306c76b60a_BG-Shape.png?id=779) !important;background-position: 0 0 !important;background-repeat: no-repeat !important;}\u00bb][vc_column width=\u00bb1\/6&#8243;][\/vc_column][vc_column width=\u00bb1\/3&#8243;][vc_column_text]Un manipulador de alimentos\u00a0es toda persona que, por su actividad laboral, tiene contacto directo con los alimentos durante cualquiera de sus fases hasta que llega al consumidor final. Esto incluye las etapas siguientes: preparaci\u00f3n, fabricaci\u00f3n, transformaci\u00f3n, envasado, almacenamiento, transporte, distribuci\u00f3n, venta, suministro y servicio. La [&hellip;]<\/p>\n","protected":false},"author":1,"featured_media":0,"parent":0,"menu_order":0,"comment_status":"closed","ping_status":"closed","template":"","meta":{"footnotes":""},"class_list":["post-792","page","type-page","status-publish","hentry"],"_links":{"self":[{"href":"https:\/\/www.biodata.cl\/laboral\/wp-json\/wp\/v2\/pages\/792","targetHints":{"allow":["GET"]}}],"collection":[{"href":"https:\/\/www.biodata.cl\/laboral\/wp-json\/wp\/v2\/pages"}],"about":[{"href":"https:\/\/www.biodata.cl\/laboral\/wp-json\/wp\/v2\/types\/page"}],"author":[{"embeddable":true,"href":"https:\/\/www.biodata.cl\/laboral\/wp-json\/wp\/v2\/users\/1"}],"replies":[{"embeddable":true,"href":"https:\/\/www.biodata.cl\/laboral\/wp-json\/wp\/v2\/comments?post=792"}],"version-history":[{"count":3,"href":"https:\/\/www.biodata.cl\/laboral\/wp-json\/wp\/v2\/pages\/792\/revisions"}],"predecessor-version":[{"id":796,"href":"https:\/\/www.biodata.cl\/laboral\/wp-json\/wp\/v2\/pages\/792\/revisions\/796"}],"wp:attachment":[{"href":"https:\/\/www.biodata.cl\/laboral\/wp-json\/wp\/v2\/media?parent=792"}],"curies":[{"name":"wp","href":"https:\/\/api.w.org\/{rel}","templated":true}]}}