{"id":785,"date":"2021-11-29T13:47:58","date_gmt":"2021-11-29T13:47:58","guid":{"rendered":"https:\/\/biodata.cl\/laboral\/?page_id=785"},"modified":"2021-11-29T15:44:49","modified_gmt":"2021-11-29T15:44:49","slug":"bateria-alcohol-drogas","status":"publish","type":"page","link":"https:\/\/www.biodata.cl\/laboral\/bateria-alcohol-drogas\/","title":{"rendered":"Bateria Alcohol &#038; Drogas"},"content":{"rendered":"<p>[vc_row css=\u00bb.vc_custom_1638192483431{background-image: url(https:\/\/biodata.cl\/laboral\/wp-content\/uploads\/2021\/11\/overl1_950x500-min.png?id=736) !important;background-position: 0 0 !important;background-repeat: no-repeat !important;}\u00bb][vc_column width=\u00bb1\/6&#8243;][\/vc_column][vc_column width=\u00bb1\/3&#8243;]<div class=\"porto-u-heading  wpb_custom_95aa9a11c17ad45cfabaf210d84ee7cc\" data-hspacer=\"no_spacer\" data-halign=\"left\" style=\"text-align:left\" data-appear-animation=\"bounce\"><div class=\"porto-u-main-heading\"><h2   style=\"color:#297d89;\">Bater\u00eda de Alcohol y Drogas<\/h2><\/div><\/div>[vc_column_text]El consumo de alcohol y drogas il\u00edcitas, puede asociarse a un mayor riesgo de accidentes, tanto para el trabajador que se encuentra bajo sus efectos, como para las dem\u00e1s personas que trabajan junto a \u00e9l.<\/p>\n<p>Es por eso que contamos con un laboratorio cl\u00ednico acreditado, que permite detectar o descartar el consumo de estas mediante examen de orina y la ingesta de alcohol mediante examen de saliva.<\/p>\n<p>Las drogas en observaci\u00f3n son las siguientes:<\/p>\n<ul>\n<li>THC: marihuana<\/li>\n<li>COC: coca\u00edna<\/li>\n<li>BZP: benzodiazepina<\/li>\n<li>MET: metanfetamina<\/li>\n<li>OPI: opi\u00e1ceos<\/li>\n<li>Alcohol<\/li>\n<\/ul>\n<p><strong>El tiempo de entrega de los informes de resultados es de 24 horas<\/strong>[\/vc_column_text][\/vc_column][vc_column width=\u00bb1\/3&#8243;][vc_single_image image=\u00bb786&#8243; img_size=\u00bbfull\u00bb style=\u00bbvc_box_shadow_border_circle_2&#8243; label=\u00bb\u00bb]<div class=\"ult-spacer spacer-69e8e93fb2d4e\" data-id=\"69e8e93fb2d4e\" data-height=\"50\" data-height-mobile=\"50\" data-height-tab=\"50\" data-height-tab-portrait=\"\" data-height-mobile-landscape=\"\" style=\"clear:both;display:block;\"><\/div>[vc_single_image image=\u00bb787&#8243; img_size=\u00bbfull\u00bb style=\u00bbvc_box_shadow_border_circle_2&#8243; label=\u00bb\u00bb][\/vc_column][vc_column width=\u00bb1\/6&#8243;][\/vc_column][\/vc_row]<\/p>\n","protected":false},"excerpt":{"rendered":"<p>[vc_row css=\u00bb.vc_custom_1638192483431{background-image: url(https:\/\/biodata.cl\/laboral\/wp-content\/uploads\/2021\/11\/overl1_950x500-min.png?id=736) !important;background-position: 0 0 !important;background-repeat: no-repeat !important;}\u00bb][vc_column width=\u00bb1\/6&#8243;][\/vc_column][vc_column width=\u00bb1\/3&#8243;][vc_column_text]El consumo de alcohol y drogas il\u00edcitas, puede asociarse a un mayor riesgo de accidentes, tanto para el trabajador que se encuentra bajo sus efectos, como para las dem\u00e1s personas que trabajan junto a \u00e9l. Es por eso que contamos con un laboratorio cl\u00ednico acreditado, [&hellip;]<\/p>\n","protected":false},"author":1,"featured_media":0,"parent":0,"menu_order":0,"comment_status":"closed","ping_status":"closed","template":"","meta":{"footnotes":""},"class_list":["post-785","page","type-page","status-publish","hentry"],"_links":{"self":[{"href":"https:\/\/www.biodata.cl\/laboral\/wp-json\/wp\/v2\/pages\/785","targetHints":{"allow":["GET"]}}],"collection":[{"href":"https:\/\/www.biodata.cl\/laboral\/wp-json\/wp\/v2\/pages"}],"about":[{"href":"https:\/\/www.biodata.cl\/laboral\/wp-json\/wp\/v2\/types\/page"}],"author":[{"embeddable":true,"href":"https:\/\/www.biodata.cl\/laboral\/wp-json\/wp\/v2\/users\/1"}],"replies":[{"embeddable":true,"href":"https:\/\/www.biodata.cl\/laboral\/wp-json\/wp\/v2\/comments?post=785"}],"version-history":[{"count":2,"href":"https:\/\/www.biodata.cl\/laboral\/wp-json\/wp\/v2\/pages\/785\/revisions"}],"predecessor-version":[{"id":789,"href":"https:\/\/www.biodata.cl\/laboral\/wp-json\/wp\/v2\/pages\/785\/revisions\/789"}],"wp:attachment":[{"href":"https:\/\/www.biodata.cl\/laboral\/wp-json\/wp\/v2\/media?parent=785"}],"curies":[{"name":"wp","href":"https:\/\/api.w.org\/{rel}","templated":true}]}}